{"id":584,"date":"2018-04-16T13:14:03","date_gmt":"2018-04-16T13:14:03","guid":{"rendered":"http:\/\/www.scivale.com.br\/?page_id=584"},"modified":"2018-04-16T14:22:35","modified_gmt":"2018-04-16T14:22:35","slug":"sci-recursos-inovadores","status":"publish","type":"page","link":"https:\/\/www.scivale.com.br\/index.php\/sci-recursos-inovadores\/","title":{"rendered":"SCI &#8211; Recursos Inovadores"},"content":{"rendered":"<h2 class=\"setor_titulo\">\u00daNICO folha<\/h2>\n<ul class=\"setor_lista\">\n<li>contabiliza\u00e7\u00e3o autom\u00e1tica da folha.<\/li>\n<li>desonera\u00e7\u00e3o autom\u00e1tica ap\u00f3s a apura\u00e7\u00e3o do bloco P.<\/li>\n<li>lan\u00e7amentos de notas fiscais de produtores rurais no \u00daNICO fiscal integram automaticamente com o \u00daNICO folha para emiss\u00e3o da guia de recolhimento.<\/li>\n<li>consulta de qualifica\u00e7\u00e3o cadastral para o eSocial.<\/li>\n<li>importa\u00e7\u00e3o de planilha de lan\u00e7amentos e plano de sa\u00fade.<\/li>\n<li>ambiente de transmiss\u00e3o ao eSocial, esta ferramenta cont\u00e9m toda a mensageria necess\u00e1ria e guardar\u00e1 de forma segura o protocolo e o recibo de entrega por tempo indeterminado<\/li>\n<\/ul>\n<div class='avia-iframe-wrap'><iframe loading=\"lazy\" title=\"\u00daNICO - Ambiente de Transmiss\u00e3o ao eSocial\" width=\"1500\" height=\"844\" src=\"https:\/\/www.youtube.com\/embed\/-KjBNgOE5YQ?feature=oembed\" frameborder=\"0\" allow=\"accelerometer; autoplay; clipboard-write; encrypted-media; gyroscope; picture-in-picture; web-share\" referrerpolicy=\"strict-origin-when-cross-origin\" allowfullscreen><\/iframe><\/div>\n<h2>\u00daNICO fiscal<\/h2>\n<div class=\"break_0_12 break_1_4\">\n<div class=\"setor\">\n<ul class=\"setor_lista\">\n<li>a troca global realiza ajustes autom\u00e1ticos nos arquivos importados para o sistema.<\/li>\n<li>integra\u00e7\u00e3o autom\u00e1tica com o \u00daNICO folha de NF de tomador, INSS, Desonera\u00e7\u00e3o e NF-e de produtor rural.<\/li>\n<li>preenchimento automaticamente do site do Simples Nacional ap\u00f3s apura\u00e7\u00e3o.<\/li>\n<li>relat\u00f3rios configur\u00e1veis pelo pr\u00f3prio usu\u00e1rio.<\/li>\n<li>integra\u00e7\u00e3o autom\u00e1tica das NF-es com o Push SCI.<\/li>\n<li>controle de cr\u00e9dito na emiss\u00e3o do Simples Nacional.<\/li>\n<li>plano de inconsist\u00eancias, verifica\u00e7\u00f5es de inconsist\u00eancias durante as importa\u00e7\u00f5es dos arquivos do SPED Fiscal, XML, arquivos sintegra e outros layouts, para garantir que a informa\u00e7\u00e3o importada seja uma informa\u00e7\u00e3o consistente.<\/li>\n<\/ul>\n<div class='avia-iframe-wrap'><iframe loading=\"lazy\" title=\"\u00daNICO - Plano de inconsist\u00eancias\" width=\"1500\" height=\"844\" src=\"https:\/\/www.youtube.com\/embed\/LHLCSqJRYKE?feature=oembed\" frameborder=\"0\" allow=\"accelerometer; autoplay; clipboard-write; encrypted-media; gyroscope; picture-in-picture; web-share\" referrerpolicy=\"strict-origin-when-cross-origin\" allowfullscreen><\/iframe><\/div>\n<\/div>\n<\/div>\n<div class=\"break_0_12 break_1_4\">\n<div class=\"setor\">\n<h2 class=\"setor_titulo\">\u00daNICO cont\u00e1bil<\/h2>\n<ul class=\"setor_lista\">\n<li>ao acessar o balancete permite a visualiza\u00e7\u00e3o do raz\u00e3o e corre\u00e7\u00f5es nos lan\u00e7amentos.<\/li>\n<li>cadastro de notas explicativas por lan\u00e7amentos e gera\u00e7\u00e3o da nota explicativa final com modelos pr\u00f3prios.<\/li>\n<li>controle de contas obrigat\u00f3rias.<\/li>\n<li>importa\u00e7\u00e3o do extrato banc\u00e1rio com concilia\u00e7\u00e3o autom\u00e1tica.<\/li>\n<li>cria\u00e7\u00e3o de grupo econ\u00f4mico, podendo vincular empresas e a emiss\u00e3o de relat\u00f3rios com vis\u00e3o gerencial.<\/li>\n<li>gerar os relat\u00f3rios em outro idioma e outra moeda.<\/li>\n<li>relat\u00f3rio de an\u00e1lise vertical e horizontal e o relat\u00f3rio comparativo mensal e anual.<\/li>\n<li>bloqueio de lan\u00e7amentos cont\u00e1beis por empresa, conta cont\u00e1bil, per\u00edodo e usu\u00e1rio.<\/li>\n<li>central de concilia\u00e7\u00e3o, uma ferramenta poderosa e repleta de informa\u00e7\u00f5es para auxiliar o contador na concilia\u00e7\u00e3o dos lan\u00e7amentos. Veja no v\u00eddeo abaixo:<\/li>\n<\/ul>\n<div class='avia-iframe-wrap'><iframe loading=\"lazy\" title=\"Concilia\u00e7\u00e3o das contas cont\u00e1beis: use a tecnologia e ganhe efici\u00eancia!\" width=\"1500\" height=\"844\" src=\"https:\/\/www.youtube.com\/embed\/t9Pj394C8So?feature=oembed\" frameborder=\"0\" allow=\"accelerometer; autoplay; clipboard-write; encrypted-media; gyroscope; picture-in-picture; web-share\" referrerpolicy=\"strict-origin-when-cross-origin\" allowfullscreen><\/iframe><\/div>\n<\/div>\n<\/div>\n<div class=\"break_0_12 break_1_4 break_1_clear break_2_clear\">\n<div class=\"setor\">\n<h2 class=\"setor_titulo\">\u00daNICO patrim\u00f4nio<\/h2>\n<ul class=\"setor_lista\">\n<li>controle de deprecia\u00e7\u00e3o e baixa do patrim\u00f4nio e a integra\u00e7\u00e3o com a contabilidade.<\/li>\n<li>cadastro \u00fanico dos bens, integra\u00e7\u00e3o entre fiscal e contabilidade.<\/li>\n<li>importa\u00e7\u00e3o do cadastro dos bens.<\/li>\n<li>controle da deprecia\u00e7\u00e3o acelerada.<\/li>\n<li>controle de contabiliza\u00e7\u00e3o fiscal e societ\u00e1ria.<\/li>\n<\/ul>\n<\/div>\n<\/div>\n<div class=\"break_0_12 break_1_4\">\n<div class=\"setor\">\n<h2 class=\"setor_titulo\">\u00daNICO lalur<\/h2>\n<ul class=\"setor_lista\">\n<li>integra\u00e7\u00e3o dos lan\u00e7amentos cont\u00e1beis com o Lalur.<\/li>\n<li>controles autom\u00e1ticos entre os lan\u00e7amentos da parte .<\/li>\n<li>consulta e relat\u00f3rio no formato mensal para confer\u00eancia com Sped ECF.<\/li>\n<\/ul>\n<\/div>\n<\/div>\n<div class=\"break_0_12 break_1_4\">\n<div class=\"setor\">\n<h2 class=\"setor_titulo\">\u00daNICO tarefas<\/h2>\n<ul class=\"setor_lista\">\n<li>gera\u00e7\u00e3o e baixa autom\u00e1tica de tarefas, o usu\u00e1rio n\u00e3o precisa ficar lembrando em iniciar e finalizar suas tarefas do dia a dia.<\/li>\n<li>s\u00e3o 35 planos de tributos pr\u00e9-cadastrados no sistemas para empresas do enquadramento (normal, lucro real e presumido, Simples Nacional, MEI e dom\u00e9sticas).<\/li>\n<li>alerta de tarefas pendentes para o usu\u00e1rio direto na tela principal.<\/li>\n<\/ul>\n<\/div>\n<\/div>\n<div class=\"break_0_12 break_1_4 break_1_clear break_2_clear\">\n<div class=\"setor\">\n<h2 class=\"setor_titulo\">\u00daNICO financeiro<\/h2>\n<ul class=\"setor_lista\">\n<li>controle de servi\u00e7os contratuais.<\/li>\n<li>reajuste de servi\u00e7os contratuais.<\/li>\n<li>integra\u00e7\u00e3o com o m\u00f3dulo tarefas.<\/li>\n<li>controle de recebimentos antecipados.<\/li>\n<\/ul>\n<\/div>\n<\/div>\n<div class=\"break_0_12 break_1_4\">\n<div class=\"setor\">\n<h2 class=\"setor_titulo\">\u00daNICO or\u00e7amentos<\/h2>\n<ul class=\"setor_lista\">\n<li>relat\u00f3rios de f\u00e1cil visualiza\u00e7\u00e3o.<\/li>\n<li>gr\u00e1ficos demonstrando os resultados.<\/li>\n<\/ul>\n<\/div>\n<\/div>\n<div class=\"break_0_12 break_1_4\">\n<div class=\"setor\">\n<h2 class=\"setor_titulo\">\u00daNICO protocolos<\/h2>\n<ul class=\"setor_lista\">\n<li>na emiss\u00e3o de relat\u00f3rios em todos os m\u00f3dulos do \u00daNICO, um documento para ser protocolado \u00e9 emitido automaticamente.<\/li>\n<li>de forma centralizada o colaborador consegue selecionar os documentos emitidos pelo sistema e protocolar com para envio.<\/li>\n<li>a confer\u00eancia e baixa no retorno do protocolo se tornou simples, seguro e produtivo.<\/li>\n<\/ul>\n<\/div>\n<\/div>\n<div class=\"break_0_12 break_1_4 break_1_clear break_2_clear\">\n<div class=\"setor\">\n<h2 class=\"setor_titulo\">\u00daNICO notifica\u00e7\u00f5es<\/h2>\n<ul class=\"setor_lista\">\n<li>n\u00edveis de configura\u00e7\u00e3o por m\u00f3dulo, empresa e usu\u00e1rio.<\/li>\n<li>envio de notifica\u00e7\u00e3o de uma forma inteligente, v\u00e1rios itens na mesma notifica\u00e7\u00e3o.<\/li>\n<\/ul>\n<\/div>\n<\/div>\n<div class=\"break_0_12 break_1_4\">\n<div class=\"setor\">\n<h2 class=\"setor_titulo\">\u00daNICO impostos<\/h2>\n<ul class=\"setor_lista\">\n<li>c\u00e1lculo de m\u00faltiplas guias.<\/li>\n<li>c\u00e1lculo de multa e juros para m\u00faltiplas guias.<\/li>\n<li>visualiza\u00e7\u00e3o em forma de grade.<\/li>\n<li>visualiza\u00e7\u00e3o no formato relat\u00f3rio.<\/li>\n<li>integra\u00e7\u00e3o com e-mail e SCI Report.<\/li>\n<\/ul>\n<\/div>\n<\/div>\n<div class=\"break_0_12 break_1_4\">\n<div class=\"setor\">\n<h2 class=\"setor_titulo\">\u00daNICO temporizador<\/h2>\n<ul class=\"setor_lista\">\n<li>consulta e relat\u00f3rio gerencial por cliente, m\u00f3dulo, processo e colaborador.<\/li>\n<li>apresenta\u00e7\u00e3o de gr\u00e1ficos comparativos (pizza, barra e coluna).<\/li>\n<li>tempo investido destacado em quantidade, m\u00e9dia, percentual e tempo total.<\/li>\n<li>controla o tempo de inatividade por colaborador.<\/li>\n<li>flexibilidade na demonstra\u00e7\u00e3o dos dados (configur\u00e1vel).<\/li>\n<\/ul>\n<\/div>\n<\/div>\n<div class=\"break_0_12 break_1_4 break_1_clear break_2_clear\">\n<div class=\"setor\">\n<h2 class=\"setor_titulo\">\u00daNICO auditor<\/h2>\n<ul class=\"setor_lista\">\n<li>apontamento de inconformidades dos tipos: erros, avisos e informativos.<\/li>\n<li>visualiza\u00e7\u00e3o das inconformidades por total de empresa, por empresa e por evento.<\/li>\n<li>op\u00e7\u00e3o de ignorar as inconformidades dos tipos avisos e informativos.<\/li>\n<li>op\u00e7\u00e3o de corrigir as inconformidades a partir da central de inconformidades.<\/li>\n<li>relat\u00f3rio com filtros por empresa, por tipo e por t\u00edtulo.<\/li>\n<\/ul>\n<div class='avia-iframe-wrap'><iframe loading=\"lazy\" title=\"\u00daNICO Auditor eSocial: chegou a era digital da folha de pagamento\" width=\"1500\" height=\"844\" src=\"https:\/\/www.youtube.com\/embed\/KwOOJiaKi7w?feature=oembed\" frameborder=\"0\" allow=\"accelerometer; autoplay; clipboard-write; encrypted-media; gyroscope; picture-in-picture; web-share\" referrerpolicy=\"strict-origin-when-cross-origin\" allowfullscreen><\/iframe><\/div>\n<\/div>\n<\/div>\n","protected":false},"excerpt":{"rendered":"<p>\u00daNICO folha contabiliza\u00e7\u00e3o autom\u00e1tica da folha. desonera\u00e7\u00e3o autom\u00e1tica ap\u00f3s a apura\u00e7\u00e3o do bloco P. lan\u00e7amentos de notas fiscais de produtores rurais no \u00daNICO fiscal integram automaticamente com o \u00daNICO folha para emiss\u00e3o da guia de recolhimento. consulta de qualifica\u00e7\u00e3o cadastral para o eSocial. importa\u00e7\u00e3o de planilha de lan\u00e7amentos e plano de sa\u00fade. ambiente de transmiss\u00e3o [&hellip;]<\/p>\n","protected":false},"author":2,"featured_media":0,"parent":0,"menu_order":0,"comment_status":"closed","ping_status":"closed","template":"","meta":{"footnotes":""},"class_list":["post-584","page","type-page","status-publish","hentry"],"_links":{"self":[{"href":"https:\/\/www.scivale.com.br\/index.php\/wp-json\/wp\/v2\/pages\/584"}],"collection":[{"href":"https:\/\/www.scivale.com.br\/index.php\/wp-json\/wp\/v2\/pages"}],"about":[{"href":"https:\/\/www.scivale.com.br\/index.php\/wp-json\/wp\/v2\/types\/page"}],"author":[{"embeddable":true,"href":"https:\/\/www.scivale.com.br\/index.php\/wp-json\/wp\/v2\/users\/2"}],"replies":[{"embeddable":true,"href":"https:\/\/www.scivale.com.br\/index.php\/wp-json\/wp\/v2\/comments?post=584"}],"version-history":[{"count":7,"href":"https:\/\/www.scivale.com.br\/index.php\/wp-json\/wp\/v2\/pages\/584\/revisions"}],"predecessor-version":[{"id":586,"href":"https:\/\/www.scivale.com.br\/index.php\/wp-json\/wp\/v2\/pages\/584\/revisions\/586"}],"wp:attachment":[{"href":"https:\/\/www.scivale.com.br\/index.php\/wp-json\/wp\/v2\/media?parent=584"}],"curies":[{"name":"wp","href":"https:\/\/api.w.org\/{rel}","templated":true}]}}