{"id":21,"date":"2015-02-22T20:09:33","date_gmt":"2015-02-22T20:09:33","guid":{"rendered":"http:\/\/wp\/enfold-medium-business\/?page_id=21"},"modified":"2018-04-17T23:50:44","modified_gmt":"2018-04-17T23:50:44","slug":"contact","status":"publish","type":"page","link":"https:\/\/www.scivale.com.br\/index.php\/contact\/","title":{"rendered":"Contato"},"content":{"rendered":"<\/div><\/div><\/div><!-- close content main div --><\/div><\/div><div id='av_section_1' class='avia-section main_color avia-section-small avia-no-border-styling av-parallax-section av-section-color-overlay-active avia-bg-style-parallax   container_wrap sidebar_right'  data-section-bg-repeat='no-repeat' ><div class='av-parallax' data-avia-parallax-ratio='0.3' ><div class='av-parallax-inner main_color  avia-full-stretch' style = 'background-repeat: no-repeat; background-image: url(https:\/\/www.scivale.com.br\/wp-content\/uploads\/2015\/02\/people_town.jpg); background-attachment: scroll; background-position: bottom center; ' ><\/div><\/div><div class='av-section-color-overlay-wrap'><div class='av-section-color-overlay' style='opacity: 0.7; background-color: #1c366e; '><\/div><a href='#next-section' title='' class='scroll-down-link '  aria-hidden='true' data-av_icon='\ue877' data-av_iconfont='entypo-fontello'><\/a><div class='container' ><div class='template-page content  av-content-small alpha units'><div class='post-entry post-entry-type-page post-entry-21'><div class='entry-content-wrapper clearfix'>\n<div class=\"flex_column av_one_fifth  flex_column_div first  \" ><\/div><div class=\"flex_column av_three_fifth  flex_column_div av-zero-column-padding   \" style='border-radius:0px; '><p><div style='padding-bottom:10px;color:#ffffff;font-size:40px;' class='av-special-heading av-special-heading-h1 custom-color-heading blockquote modern-quote modern-centered  av-thin-font av-inherit-size '><h1 class='av-special-heading-tag '  itemprop=\"headline\"  >Adorariamos trabalhar com voc\u00ea, ent\u00e3o <strong>entre em contato<\/strong><\/h1><div class='special-heading-border'><div class='special-heading-inner-border' style='border-color:#ffffff'><\/div><\/div><\/div><br \/>\n<div style=' margin-top:40px; margin-bottom:40px;'  class='hr hr-custom hr-center hr-icon-no  '><span class='hr-inner   inner-border-av-border-fat' style=' width:50px; border-color:#ffffff;' ><span class='hr-inner-style'><\/span><\/span><\/div><\/p><\/div><div class=\"flex_column av_one_fifth  flex_column_div av-zero-column-padding   \" style='border-radius:0px; '><\/div>\n<\/div><\/div><\/div><!-- close content main div --><\/div><\/div><\/div><div id='after_section_1' class='main_color av_default_container_wrap container_wrap sidebar_right'   ><div class='container' ><div class='template-page content  av-content-small alpha units'><div class='post-entry post-entry-type-page post-entry-21'><div class='entry-content-wrapper clearfix'>\n<\/div><\/div><\/div><!-- close content main div --><\/div><\/div><div id='av-layout-grid-1' class='av-layout-grid-container entry-content-wrapper main_color av-flex-cells    container_wrap sidebar_right'   >\n<div class=\"flex_cell no_margin av_one_half   \" style='vertical-align:top; padding:30px; background-color:#fcfcfc; '><div class='flex_cell_inner' ><p><div style='padding-bottom:10px;font-size:40px;' class='av-special-heading av-special-heading-h1  blockquote modern-quote modern-centered   av-inherit-size '><h1 class='av-special-heading-tag '  itemprop=\"headline\"  >Onde estamos<\/h1><div class='special-heading-border'><div class='special-heading-inner-border' ><\/div><\/div><\/div><br \/>\n<div class=\"flex_column av_one_full  flex_column_div first  \" ><section class=\"av_textblock_section \"  itemscope=\"itemscope\" itemtype=\"https:\/\/schema.org\/CreativeWork\" ><div class='avia_textblock  '   itemprop=\"text\" ><p style=\"text-align: center;\">Parque Tecnol\u00f3gico de S\u00e3o Jos\u00e9 dos Campos<\/p>\n<p style=\"text-align: center;\">Av. Doutor Altino Bondensan, n\u00b0 500 \u2013 Sala 1<br \/>\nEug\u00eanio de Melo \u2013 CEP 12.247-016. S\u00e3o Jos\u00e9 dos Campos, SP \u2013 Brasil<\/p>\n<p style=\"text-align: center;\">(12) 3500-0620, (12) 3907-9003<\/p>\n<\/div><\/section><\/div><div style='height:50px' class='hr hr-invisible  '><span class='hr-inner ' ><span class='hr-inner-style'><\/span><\/span><\/div><br \/>\n<div class='avia-gallery  av-small-hide av-mini-hide avia-gallery-1 avia_lazyload avia_animate_when_visible '  itemprop=\"ImageObject\" itemscope=\"itemscope\" itemtype=\"https:\/\/schema.org\/ImageObject\" ><a class='avia-gallery-big fakeLightbox lightbox avia-gallery-big-crop-thumb ' href='https:\/\/www.scivale.com.br\/wp-content\/uploads\/2018\/04\/pqtec1-1.jpg'  data-onclick='1' title='' ><span class='avia-gallery-big-inner'  itemprop=\"thumbnailUrl\" >\t<img width='710' height='375' src='https:\/\/www.scivale.com.br\/wp-content\/uploads\/2018\/04\/pqtec1-1-710x375.jpg' title='pqtec1' alt='' \/><\/span><\/a><div class='avia-gallery-thumb'> <a href='https:\/\/www.scivale.com.br\/wp-content\/uploads\/2018\/04\/pqtec1-1.jpg' data-rel='gallery-1' data-prev-img='https:\/\/www.scivale.com.br\/wp-content\/uploads\/2018\/04\/pqtec1-1-710x375.jpg' class='first_thumb lightbox ' data-onclick='1' title=''  itemprop=\"thumbnailUrl\" ><img  src='https:\/\/www.scivale.com.br\/wp-content\/uploads\/2018\/04\/pqtec1-1-260x185.jpg' width='260' height='185'  title='pqtec1' alt='' \/><\/a> <a href='https:\/\/www.scivale.com.br\/wp-content\/uploads\/2018\/04\/pqtec2-1.jpg' data-rel='gallery-1' data-prev-img='https:\/\/www.scivale.com.br\/wp-content\/uploads\/2018\/04\/pqtec2-1-710x375.jpg' class='lightbox ' data-onclick='2' title=''  itemprop=\"thumbnailUrl\" ><img  src='https:\/\/www.scivale.com.br\/wp-content\/uploads\/2018\/04\/pqtec2-1-260x185.jpg' width='260' height='185'  title='pqtec2' alt='' \/><\/a> <a href='https:\/\/www.scivale.com.br\/wp-content\/uploads\/2018\/04\/SCI1-1.jpg' data-rel='gallery-1' data-prev-img='https:\/\/www.scivale.com.br\/wp-content\/uploads\/2018\/04\/SCI1-1-710x375.jpg' class='lightbox ' data-onclick='3' title=''  itemprop=\"thumbnailUrl\" ><img  src='https:\/\/www.scivale.com.br\/wp-content\/uploads\/2018\/04\/SCI1-1-260x185.jpg' width='260' height='185'  title='SCI1' alt='' \/><\/a> <a href='https:\/\/www.scivale.com.br\/wp-content\/uploads\/2018\/04\/SCI2-1.jpg' data-rel='gallery-1' data-prev-img='https:\/\/www.scivale.com.br\/wp-content\/uploads\/2018\/04\/SCI2-1-710x375.jpg' class='lightbox ' data-onclick='4' title=''  itemprop=\"thumbnailUrl\" ><img  src='https:\/\/www.scivale.com.br\/wp-content\/uploads\/2018\/04\/SCI2-1-260x185.jpg' width='260' height='185'  title='SCI2' alt='' \/><\/a><\/div><\/div><\/p>\n<\/div><\/div><div class=\"flex_cell no_margin av_one_half   \" style='vertical-align:top; padding:30px; '><div class='flex_cell_inner' ><p><div style='padding-bottom:10px;font-size:40px;' class='av-special-heading av-special-heading-h1  blockquote modern-quote modern-centered   av-inherit-size '><h1 class='av-special-heading-tag '  itemprop=\"headline\"  >Envie uma mensagem<\/h1><div class='special-heading-border'><div class='special-heading-inner-border' ><\/div><\/div><\/div><br \/>\n<form action=\"https:\/\/www.scivale.com.br\/index.php\/contact\/\" method=\"post\"  class=\"avia_ajax_form av-form-labels-visible    \" data-avia-form-id=\"1\" data-avia-redirect=''><fieldset><p class=' first_form  form_element form_element_half' id='element_avia_1_1'><label for=\"avia_1_1\">Nome <abbr class=\"required\" title=\"required\">*<\/abbr><\/label> <input name=\"avia_1_1\" class=\"text_input is_empty\" type=\"text\" id=\"avia_1_1\" value=\"\" \/><\/p><p class=' form_element form_element_half' id='element_avia_2_1'><label for=\"avia_2_1\">E-Mail <abbr class=\"required\" title=\"required\">*<\/abbr><\/label> <input name=\"avia_2_1\" class=\"text_input is_email\" type=\"text\" id=\"avia_2_1\" value=\"\" \/><\/p><p class=' first_form  form_element form_fullwidth' id='element_avia_3_1'>\t <label for=\"avia_3_1\" class=\"textare_label hidden textare_label_avia_3_1\">Mensagem <abbr class=\"required\" title=\"required\">*<\/abbr><\/label>\t <textarea  name=\"avia_3_1\" class=\"text_area is_empty\" cols=\"40\" rows=\"7\" id=\"avia_3_1\" ><\/textarea><\/p><p class=' first_form  form_element form_fullwidth av-last-visible-form-element' id='element_avia_4_1'>    <input  name=\"avia_4_1\" class=\"input_checkbox \" type=\"checkbox\" id=\"avia_4_1\" value=\"true\"\/><label class=\"input_checkbox_label\" for=\"avia_4_1\">Gostaria de cadastrar meu email para receber novidades<\/label><\/p><p class=\"hidden\"><input type=\"text\" name=\"avia_5_1\" class=\"hidden \" id=\"avia_5_1\" value=\"\" \/><\/p><p class=\"form_element \"><input type=\"hidden\" value=\"1\" name=\"avia_generated_form1\" \/><input type=\"submit\" value=\"Enviar\" class=\"button\"  data-sending-label=\"Sending\"\/><\/p><\/fieldset><\/form><div id=\"ajaxresponse_1\" class=\"ajaxresponse ajaxresponse_1 hidden\"><\/div><br \/>\n<section class=\"av_textblock_section \"  itemscope=\"itemscope\" itemtype=\"https:\/\/schema.org\/CreativeWork\" ><div class='avia_textblock  '   itemprop=\"text\" ><p>Este formul\u00e1rio deve ser utilizado APENAS para contato com a SCI!<br \/>\nSolicita\u00e7\u00f5es de Inova\u00e7\u00e3o de Sistema, Suporte ou Ouvidoria, utilize a \u00c1REA DO CLIENTE SCI.<\/p>\n<p>Para acessar a <a href=\"http:\/\/areadocliente.sci10.com.br\/\" target=\"_blank\" rel=\"noopener\">\u00c1REA DO CLIENTE SCI, clique aqui<\/a>.<br \/>\nPara solicitar <a href=\"http:\/\/www.sciunico.com.br\/demonstracao.php\" target=\"_blank\" rel=\"noopener\">Demonstra\u00e7\u00e3o de Sistemas ou Or\u00e7amento, clique aqui.<\/a><\/p>\n<\/div><\/section><\/p>\n<\/div><\/div><\/div><div id='av_gmap_1' class='avia-google-map-container ' data-mapid='1' style='height: 300px;'><\/div><\/p>\n","protected":false},"excerpt":{"rendered":"","protected":false},"author":1,"featured_media":0,"parent":0,"menu_order":0,"comment_status":"open","ping_status":"closed","template":"","meta":{"footnotes":""},"class_list":["post-21","page","type-page","status-publish","hentry"],"_links":{"self":[{"href":"https:\/\/www.scivale.com.br\/index.php\/wp-json\/wp\/v2\/pages\/21"}],"collection":[{"href":"https:\/\/www.scivale.com.br\/index.php\/wp-json\/wp\/v2\/pages"}],"about":[{"href":"https:\/\/www.scivale.com.br\/index.php\/wp-json\/wp\/v2\/types\/page"}],"author":[{"embeddable":true,"href":"https:\/\/www.scivale.com.br\/index.php\/wp-json\/wp\/v2\/users\/1"}],"replies":[{"embeddable":true,"href":"https:\/\/www.scivale.com.br\/index.php\/wp-json\/wp\/v2\/comments?post=21"}],"version-history":[{"count":18,"href":"https:\/\/www.scivale.com.br\/index.php\/wp-json\/wp\/v2\/pages\/21\/revisions"}],"predecessor-version":[{"id":700,"href":"https:\/\/www.scivale.com.br\/index.php\/wp-json\/wp\/v2\/pages\/21\/revisions\/700"}],"wp:attachment":[{"href":"https:\/\/www.scivale.com.br\/index.php\/wp-json\/wp\/v2\/media?parent=21"}],"curies":[{"name":"wp","href":"https:\/\/api.w.org\/{rel}","templated":true}]}}